{"id":309,"date":"2020-01-13T11:17:52","date_gmt":"2020-01-13T11:17:52","guid":{"rendered":"https:\/\/demosites.io\/web-agency-gb\/?page_id=5"},"modified":"2024-07-16T17:02:07","modified_gmt":"2024-07-16T15:02:07","slug":"15c42-web-agency-gb-home","status":"publish","type":"page","link":"https:\/\/www.turkelibilgisayar.com\/","title":{"rendered":"Ana Sayfa"},"content":{"rendered":"\n<div class=\"wp-block-cover alignfull\" style=\"min-height:700px;aspect-ratio:unset;\"><span aria-hidden=\"true\" class=\"wp-block-cover__background has-background-dim-0 has-background-dim\" style=\"background-color:#56473f\"><\/span><img loading=\"lazy\" decoding=\"async\" width=\"1080\" height=\"734\" class=\"wp-block-cover__image-background wp-image-492\" alt=\"\" src=\"https:\/\/www.turkelibilgisayar.com\/wp-content\/uploads\/2024\/05\/network-sistemleri1699872315.jpg\" data-object-fit=\"cover\" srcset=\"https:\/\/www.turkelibilgisayar.com\/wp-content\/uploads\/2024\/05\/network-sistemleri1699872315.jpg 1080w, https:\/\/www.turkelibilgisayar.com\/wp-content\/uploads\/2024\/05\/network-sistemleri1699872315-300x204.jpg 300w, https:\/\/www.turkelibilgisayar.com\/wp-content\/uploads\/2024\/05\/network-sistemleri1699872315-1024x696.jpg 1024w, https:\/\/www.turkelibilgisayar.com\/wp-content\/uploads\/2024\/05\/network-sistemleri1699872315-768x522.jpg 768w\" sizes=\"auto, (max-width: 1080px) 100vw, 1080px\" \/><div class=\"wp-block-cover__inner-container is-layout-flow wp-block-cover-is-layout-flow\">\n<p class=\"has-text-align-center o-typing-slower o-typing-delay-500ms has-medium-font-size\"><mark style=\"background-color:rgba(0, 0, 0, 0)\" class=\"has-inline-color has-nv-site-bg-color\"><strong><o-anim-typing>T\u00dcRKEL\u0130 B\u0130LG\u0130SAYAR<\/o-anim-typing><\/strong><\/mark><\/p>\n\n\n\n<h3 class=\"wp-block-heading has-text-align-center o-typing-slow has-medium-font-size\"><strong><mark style=\"background-color:var(--nv-primary-accent)\" class=\"has-inline-color has-nv-dark-bg-color\"><o-anim-typing>Bilgisayar Teknik Destek \u00d6mer YA\u015eAR: 0532 480 12 38<\/o-anim-typing><\/mark><\/strong><\/h3>\n\n\n\n<div style=\"height:80px\" aria-hidden=\"true\" class=\"wp-block-spacer\"><\/div>\n\n\n\n<h1 class=\"wp-block-heading has-text-align-center has-text-color\" style=\"color:#121212\"><mark style=\"background-color:rgba(0, 0, 0, 0)\" class=\"has-inline-color has-nv-site-bg-color\">25 Y\u0131ll\u0131k Tecr\u00fcbesi ile Hizmetinizde.<\/mark><\/h1>\n\n\n\n<p class=\"has-text-align-center has-text-color\" style=\"color:#121212;font-size:17px\"><mark style=\"background-color:rgba(0, 0, 0, 0)\" class=\"has-inline-color has-nv-site-bg-color\"><strong>G\u00fcvenlik Kameras\u0131 , Alarm Sistemleri , Bilgisayar sat\u0131\u015f , Teknik Servis , Network Sistemleri<\/strong><\/mark><\/p>\n\n\n\n<div class=\"wp-block-buttons is-horizontal is-content-justification-center is-layout-flex wp-container-core-buttons-is-layout-499968f5 wp-block-buttons-is-layout-flex\">\n<div class=\"wp-block-button is-style-primary\"><a class=\"wp-block-button__link has-nv-dark-bg-color has-neve-link-color-background-color has-text-color has-background has-link-color wp-element-button\" href=\"https:\/\/www.turkelibilgisayar.com\/teknik\/xtrustme\"><mark style=\"background-color:rgba(0, 0, 0, 0)\" class=\"has-inline-color has-nv-dark-bg-color\">Teknisyen Paneli<\/mark><\/a><\/div>\n\n\n\n<div class=\"wp-block-button is-style-secondary\"><a class=\"wp-block-button__link has-nv-dark-bg-color has-neve-link-color-background-color has-text-color has-background has-link-color wp-element-button\" href=\"https:\/\/www.turkelibilgisayar.com\/teknik\/\"><mark style=\"background-color:rgba(0, 0, 0, 0)\" class=\"has-inline-color has-nv-dark-bg-color\">M\u00fc\u015fteri Paneli<\/mark><\/a><\/div>\n<\/div>\n\n\n\n<div style=\"height:80px\" aria-hidden=\"true\" class=\"wp-block-spacer\"><\/div>\n\n\n\n<div style=\"height:80px\" aria-hidden=\"true\" class=\"wp-block-spacer\"><\/div>\n<\/div><\/div>\n\n\n\n<div style=\"height:80px\" aria-hidden=\"true\" class=\"wp-block-spacer\"><\/div>\n\n\n\n<div class=\"wp-block-columns is-layout-flex wp-container-core-columns-is-layout-9d6595d7 wp-block-columns-is-layout-flex\">\n<div class=\"wp-block-column is-layout-flow wp-block-column-is-layout-flow\"><div class=\"wp-block-image icon-style is-style-rounded\">\n<figure class=\"aligncenter size-full is-resized\"><img loading=\"lazy\" decoding=\"async\" width=\"444\" height=\"314\" src=\"https:\/\/www.turkelibilgisayar.com\/wp-content\/uploads\/2024\/05\/Guvenlik-Sistemi-Nedir.jpg\" alt=\"\" class=\"wp-image-384\" style=\"width:271px;height:auto\" title=\"\" srcset=\"https:\/\/www.turkelibilgisayar.com\/wp-content\/uploads\/2024\/05\/Guvenlik-Sistemi-Nedir.jpg 444w, https:\/\/www.turkelibilgisayar.com\/wp-content\/uploads\/2024\/05\/Guvenlik-Sistemi-Nedir-300x212.jpg 300w\" sizes=\"auto, (max-width: 444px) 100vw, 444px\" \/><\/figure>\n<\/div>\n\n\n<div style=\"height:20px\" aria-hidden=\"true\" class=\"wp-block-spacer\"><\/div>\n\n\n\n<h3 class=\"wp-block-heading has-text-align-center has-neve-text-color-color has-text-color\">G\u00fcvenlik Sistemleri<\/h3>\n\n\n\n<p class=\"has-text-align-center\">&nbsp;T\u00fcrkeli Bilgisayar alarm ve g\u00fcvenlik kameras\u0131 sekt\u00f6r\u00fcnde perakende sat\u0131\u015f montaj ,servis ve kurulum hizmetlerini yapmakta olan kurumsal bir \u015firkettir.<\/p>\n\n\n\n<div style=\"height:20px\" aria-hidden=\"true\" class=\"wp-block-spacer\"><\/div>\n<\/div>\n\n\n\n<div class=\"wp-block-column is-layout-flow wp-block-column-is-layout-flow\"><div class=\"wp-block-image icon-style is-style-rounded\">\n<figure class=\"aligncenter size-full is-resized\"><img loading=\"lazy\" decoding=\"async\" width=\"845\" height=\"684\" src=\"https:\/\/www.turkelibilgisayar.com\/wp-content\/uploads\/2024\/05\/network1-845x684-1.jpg\" alt=\"\" class=\"wp-image-385\" style=\"width:236px;height:auto\" srcset=\"https:\/\/www.turkelibilgisayar.com\/wp-content\/uploads\/2024\/05\/network1-845x684-1.jpg 845w, https:\/\/www.turkelibilgisayar.com\/wp-content\/uploads\/2024\/05\/network1-845x684-1-300x243.jpg 300w, https:\/\/www.turkelibilgisayar.com\/wp-content\/uploads\/2024\/05\/network1-845x684-1-768x622.jpg 768w\" sizes=\"auto, (max-width: 845px) 100vw, 845px\" \/><\/figure>\n<\/div>\n\n\n<div style=\"height:20px\" aria-hidden=\"true\" class=\"wp-block-spacer\"><\/div>\n\n\n\n<h3 class=\"wp-block-heading has-text-align-center has-neve-text-color-color has-text-color\">Network Sistemleri<\/h3>\n\n\n\n<p class=\"has-text-align-center\">IT sekt\u00f6r\u00fcndeki bilgi ve tecr\u00fcbesiyle m\u00fc\u015fterilerine&nbsp;network&nbsp;kurulumu ve y\u00f6netimi konusunda profesyonel hizmet vermektedir.<\/p>\n\n\n\n<div style=\"height:20px\" aria-hidden=\"true\" class=\"wp-block-spacer\"><\/div>\n<\/div>\n\n\n\n<div class=\"wp-block-column is-layout-flow wp-block-column-is-layout-flow\"><div class=\"wp-block-image icon-style is-style-rounded\">\n<figure class=\"aligncenter size-full is-resized\"><img loading=\"lazy\" decoding=\"async\" width=\"534\" height=\"318\" src=\"https:\/\/www.turkelibilgisayar.com\/wp-content\/uploads\/2024\/05\/yasar1.jpg\" alt=\"\" class=\"wp-image-386\" style=\"width:317px;height:auto\" srcset=\"https:\/\/www.turkelibilgisayar.com\/wp-content\/uploads\/2024\/05\/yasar1.jpg 534w, https:\/\/www.turkelibilgisayar.com\/wp-content\/uploads\/2024\/05\/yasar1-300x179.jpg 300w\" sizes=\"auto, (max-width: 534px) 100vw, 534px\" \/><\/figure>\n<\/div>\n\n\n<div style=\"height:20px\" aria-hidden=\"true\" class=\"wp-block-spacer\"><\/div>\n\n\n\n<h3 class=\"wp-block-heading has-text-align-center has-neve-text-color-color has-text-color\">Bilgisayar Sat\u0131\u015f Servis<\/h3>\n\n\n\n<p class=\"has-text-align-center\">T\u00fcrkeli Bilgisayar olarak bilgisayar\u0131n\u0131zda ya\u015fad\u0131\u011f\u0131n\u0131z sorunlar\u0131 gidermek i\u00e7in kayna\u011f\u0131n\u0131 taray\u0131p sonu\u00e7 odakl\u0131 hareket ederek, sizlere h\u0131zl\u0131, g\u00fcvenli ve kesin sonu\u00e7lar sunuyoruz.<\/p>\n\n\n\n<div style=\"height:20px\" aria-hidden=\"true\" class=\"wp-block-spacer\"><\/div>\n<\/div>\n<\/div>\n\n\n\n<div style=\"height:80px\" aria-hidden=\"true\" class=\"wp-block-spacer\"><\/div>\n\n\n\n<div class=\"wp-block-cover alignfull\" style=\"min-height:600px;aspect-ratio:unset;\"><span aria-hidden=\"true\" class=\"wp-block-cover__background has-nv-light-bg-background-color has-background-dim-100 has-background-dim\"><\/span><div class=\"wp-block-cover__inner-container is-layout-flow wp-block-cover-is-layout-flow\">\n<div class=\"wp-block-group\"><div class=\"wp-block-group__inner-container is-layout-flow wp-block-group-is-layout-flow\">\n<div style=\"height:80px\" aria-hidden=\"true\" class=\"wp-block-spacer\"><\/div>\n\n\n\n<div class=\"wp-block-columns are-vertically-aligned-center is-layout-flex wp-container-core-columns-is-layout-9d6595d7 wp-block-columns-is-layout-flex\">\n<div class=\"wp-block-column is-vertically-aligned-center is-layout-flow wp-block-column-is-layout-flow\" style=\"flex-basis:50%\">\n<figure class=\"wp-block-image size-large\"><img loading=\"lazy\" decoding=\"async\" width=\"1024\" height=\"522\" src=\"https:\/\/www.turkelibilgisayar.com\/wp-content\/uploads\/2024\/05\/Web-Tasarimci-Nasil-Olunur-1024x522.jpg\" alt=\"\" class=\"wp-image-388\" srcset=\"https:\/\/www.turkelibilgisayar.com\/wp-content\/uploads\/2024\/05\/Web-Tasarimci-Nasil-Olunur-1024x522.jpg 1024w, https:\/\/www.turkelibilgisayar.com\/wp-content\/uploads\/2024\/05\/Web-Tasarimci-Nasil-Olunur-300x153.jpg 300w, https:\/\/www.turkelibilgisayar.com\/wp-content\/uploads\/2024\/05\/Web-Tasarimci-Nasil-Olunur-768x391.jpg 768w, https:\/\/www.turkelibilgisayar.com\/wp-content\/uploads\/2024\/05\/Web-Tasarimci-Nasil-Olunur.jpg 1068w\" sizes=\"auto, (max-width: 1024px) 100vw, 1024px\" \/><\/figure>\n<\/div>\n\n\n\n<div class=\"wp-block-column is-vertically-aligned-center is-layout-flow wp-block-column-is-layout-flow\" style=\"flex-basis:50%\">\n<div style=\"height:20px\" aria-hidden=\"true\" class=\"wp-block-spacer\"><\/div>\n\n\n\n<h2 class=\"wp-block-heading has-text-align-left has-neve-text-color-color has-text-color\">Web Tasar\u0131m<\/h2>\n\n\n\n<p class=\"has-text-align-left has-neve-text-color-color has-text-color\" style=\"font-size:17px\">\u0130\u015fletmenizin&nbsp;Web Tasar\u0131m&nbsp;\u0130htiya\u00e7lar\u0131n\u0131 Belirliyoruz ve Size \u00d6zel \u00c7\u00f6z\u00fcmler Sunuyoruz. Mobil ve SEO Uyumlu, Y\u00f6netim Panelli, Marka Tescilli ve G\u00fcvenlik Sertifikal\u0131&nbsp;Web Tasar\u0131m<\/p>\n\n\n\n<div class=\"wp-block-buttons is-horizontal is-content-justification-left is-layout-flex wp-container-core-buttons-is-layout-7e5fce0a wp-block-buttons-is-layout-flex\">\n<div class=\"wp-block-button is-style-primary\"><a class=\"wp-block-button__link wp-element-button\" href=\"https:\/\/www.turkelibilgisayar.com\/index.php\/web-tasarim\/\">Daha Fazla<\/a><\/div>\n<\/div>\n<\/div>\n<\/div>\n\n\n\n<div style=\"height:40px\" aria-hidden=\"true\" class=\"wp-block-spacer\"><\/div>\n<\/div><\/div>\n<\/div><\/div>\n\n\n\n<div class=\"wp-block-cover alignfull\" style=\"min-height:600px;aspect-ratio:unset;\"><span aria-hidden=\"true\" class=\"wp-block-cover__background has-nv-site-bg-background-color has-background-dim-100 has-background-dim\"><\/span><div class=\"wp-block-cover__inner-container is-layout-flow wp-block-cover-is-layout-flow\">\n<div class=\"wp-block-group\"><div class=\"wp-block-group__inner-container is-layout-flow wp-block-group-is-layout-flow\">\n<div style=\"height:80px\" aria-hidden=\"true\" class=\"wp-block-spacer\"><\/div>\n\n\n\n<div class=\"wp-block-columns are-vertically-aligned-center is-layout-flex wp-container-core-columns-is-layout-9d6595d7 wp-block-columns-is-layout-flex\">\n<div class=\"wp-block-column is-vertically-aligned-center is-layout-flow wp-block-column-is-layout-flow\" style=\"flex-basis:50%\">\n<h2 class=\"wp-block-heading has-text-align-left has-neve-text-color-color has-text-color\">G\u00fcvenlik Sistemleri<\/h2>\n\n\n\n<p class=\"has-text-align-left has-neve-text-color-color has-text-color\" style=\"font-size:17px\">G\u00fcvenli\u011fi, g\u00fcvenilirli\u011fi, tecr\u00fcbesi, hizmet a\u011f\u0131 ve fiyat ayr\u0131cal\u0131klar\u0131yla; T\u00fcrkeli Bilgisayar\u0131 tercih etmek i\u00e7in \u00e7ok fazla nedeniniz var. Hemen Teklif Al\u0131n..<\/p>\n\n\n\n<div class=\"wp-block-buttons is-horizontal is-content-justification-left is-layout-flex wp-container-core-buttons-is-layout-7e5fce0a wp-block-buttons-is-layout-flex\">\n<div class=\"wp-block-button is-style-primary\"><a class=\"wp-block-button__link wp-element-button\">Daha Fazla<\/a><\/div>\n<\/div>\n\n\n\n<div style=\"height:40px\" aria-hidden=\"true\" class=\"wp-block-spacer\"><\/div>\n<\/div>\n\n\n\n<div class=\"wp-block-column is-vertically-aligned-center is-layout-flow wp-block-column-is-layout-flow\" style=\"flex-basis:50%\">\n<figure class=\"wp-block-image size-full\"><img loading=\"lazy\" decoding=\"async\" width=\"444\" height=\"314\" src=\"https:\/\/www.turkelibilgisayar.com\/wp-content\/uploads\/2024\/05\/Guvenlik-Sistemi-Nedir.jpg\" alt=\"\" class=\"wp-image-384\" srcset=\"https:\/\/www.turkelibilgisayar.com\/wp-content\/uploads\/2024\/05\/Guvenlik-Sistemi-Nedir.jpg 444w, https:\/\/www.turkelibilgisayar.com\/wp-content\/uploads\/2024\/05\/Guvenlik-Sistemi-Nedir-300x212.jpg 300w\" sizes=\"auto, (max-width: 444px) 100vw, 444px\" \/><\/figure>\n<\/div>\n<\/div>\n\n\n\n<div style=\"height:40px\" aria-hidden=\"true\" class=\"wp-block-spacer\"><\/div>\n<\/div><\/div>\n<\/div><\/div>\n\n\n\n<div class=\"wp-block-cover alignfull\" style=\"min-height:600px;aspect-ratio:unset;\"><span aria-hidden=\"true\" class=\"wp-block-cover__background has-nv-dark-bg-background-color has-background-dim-100 has-background-dim\"><\/span><div class=\"wp-block-cover__inner-container is-layout-flow wp-block-cover-is-layout-flow\">\n<div class=\"wp-block-group\"><div class=\"wp-block-group__inner-container is-layout-flow wp-block-group-is-layout-flow\">\n<div style=\"height:80px\" aria-hidden=\"true\" class=\"wp-block-spacer\"><\/div>\n\n\n\n<div class=\"wp-block-columns are-vertically-aligned-center is-layout-flex wp-container-core-columns-is-layout-9d6595d7 wp-block-columns-is-layout-flex\">\n<div class=\"wp-block-column is-vertically-aligned-center is-layout-flow wp-block-column-is-layout-flow\" style=\"flex-basis:50%\">\n<figure class=\"wp-block-image size-large is-resized\"><img loading=\"lazy\" decoding=\"async\" width=\"1024\" height=\"585\" src=\"https:\/\/www.turkelibilgisayar.com\/wp-content\/uploads\/2024\/05\/Bilgisayar-Tamiri-1024x585.jpg\" alt=\"\" class=\"wp-image-465\" style=\"width:457px;height:auto\" srcset=\"https:\/\/www.turkelibilgisayar.com\/wp-content\/uploads\/2024\/05\/Bilgisayar-Tamiri-1024x585.jpg 1024w, https:\/\/www.turkelibilgisayar.com\/wp-content\/uploads\/2024\/05\/Bilgisayar-Tamiri-300x171.jpg 300w, https:\/\/www.turkelibilgisayar.com\/wp-content\/uploads\/2024\/05\/Bilgisayar-Tamiri-768x439.jpg 768w, https:\/\/www.turkelibilgisayar.com\/wp-content\/uploads\/2024\/05\/Bilgisayar-Tamiri.jpg 1344w\" sizes=\"auto, (max-width: 1024px) 100vw, 1024px\" \/><\/figure>\n<\/div>\n\n\n\n<div class=\"wp-block-column is-vertically-aligned-center is-layout-flow wp-block-column-is-layout-flow\" style=\"flex-basis:50%\">\n<div style=\"height:40px\" aria-hidden=\"true\" class=\"wp-block-spacer\"><\/div>\n\n\n\n<h2 class=\"wp-block-heading has-text-align-center has-nv-text-dark-bg-color has-text-color\">Bilgisayar Sat\u0131\u015f Servis<\/h2>\n\n\n\n<p class=\"has-text-align-left has-nv-text-dark-bg-color has-text-color\" style=\"font-size:17px\">Arad\u0131\u011f\u0131n\u0131z&nbsp;bilgisayar&nbsp;&#8211; laptop \u00e7e\u015fitleri uygun fiyatlarla T\u00fcrkeli Bilgisayarda Yenilenmi\u015f&nbsp;bilgisayar&nbsp;modellerini 1 y\u0131l garantiyle almak i\u00e7in t\u0131klay\u0131n!.<\/p>\n\n\n\n<div class=\"wp-block-buttons is-horizontal is-content-justification-left is-layout-flex wp-container-core-buttons-is-layout-7e5fce0a wp-block-buttons-is-layout-flex\">\n<div class=\"wp-block-button is-style-primary\"><a class=\"wp-block-button__link wp-element-button\">Daha Fazla<\/a><\/div>\n<\/div>\n<\/div>\n<\/div>\n\n\n\n<div style=\"height:50px\" aria-hidden=\"true\" class=\"wp-block-spacer\"><\/div>\n<\/div><\/div>\n<\/div><\/div>\n\n\n\n<div class=\"wp-block-cover alignfull\" style=\"min-height:600px;aspect-ratio:unset;\"><span aria-hidden=\"true\" class=\"wp-block-cover__background has-nv-site-bg-background-color has-background-dim-100 has-background-dim\"><\/span><div class=\"wp-block-cover__inner-container is-layout-flow wp-block-cover-is-layout-flow\">\n<div class=\"wp-block-group\"><div class=\"wp-block-group__inner-container is-layout-flow wp-block-group-is-layout-flow\">\n<div style=\"height:80px\" aria-hidden=\"true\" class=\"wp-block-spacer\"><\/div>\n\n\n\n<h2 class=\"wp-block-heading has-neve-text-color-color has-text-color\">Network Hizmetleri<\/h2>\n\n\n\n<div style=\"height:20px\" aria-hidden=\"true\" class=\"wp-block-spacer\"><\/div>\n\n\n\n<div class=\"wp-block-columns are-vertically-aligned-center is-layout-flex wp-container-core-columns-is-layout-9d6595d7 wp-block-columns-is-layout-flex\">\n<div class=\"wp-block-column is-vertically-aligned-center is-layout-flow wp-block-column-is-layout-flow\" style=\"flex-basis:50%\">\n<figure class=\"wp-block-image size-full\"><img loading=\"lazy\" decoding=\"async\" width=\"500\" height=\"334\" src=\"https:\/\/www.turkelibilgisayar.com\/wp-content\/uploads\/2024\/05\/18282.jpg\" alt=\"\" class=\"wp-image-392\" srcset=\"https:\/\/www.turkelibilgisayar.com\/wp-content\/uploads\/2024\/05\/18282.jpg 500w, https:\/\/www.turkelibilgisayar.com\/wp-content\/uploads\/2024\/05\/18282-300x200.jpg 300w\" sizes=\"auto, (max-width: 500px) 100vw, 500px\" \/><\/figure>\n\n\n\n<div style=\"height:40px\" aria-hidden=\"true\" class=\"wp-block-spacer\"><\/div>\n<\/div>\n\n\n\n<div class=\"wp-block-column is-vertically-aligned-center is-layout-flow wp-block-column-is-layout-flow\" style=\"flex-basis:50%\">\n<figure class=\"wp-block-image size-full\"><img loading=\"lazy\" decoding=\"async\" width=\"730\" height=\"485\" src=\"https:\/\/www.turkelibilgisayar.com\/wp-content\/uploads\/2024\/05\/NetworkSchematic.jpg\" alt=\"\" class=\"wp-image-391\" srcset=\"https:\/\/www.turkelibilgisayar.com\/wp-content\/uploads\/2024\/05\/NetworkSchematic.jpg 730w, https:\/\/www.turkelibilgisayar.com\/wp-content\/uploads\/2024\/05\/NetworkSchematic-300x199.jpg 300w\" sizes=\"auto, (max-width: 730px) 100vw, 730px\" \/><\/figure>\n\n\n\n<div style=\"height:40px\" aria-hidden=\"true\" class=\"wp-block-spacer\"><\/div>\n<\/div>\n<\/div>\n\n\n\n<div style=\"height:40px\" aria-hidden=\"true\" class=\"wp-block-spacer\"><\/div>\n<\/div><\/div>\n<\/div><\/div>\n\n\n\n<div class=\"wp-block-cover alignfull\" style=\"min-height:420px;aspect-ratio:unset;\"><span aria-hidden=\"true\" class=\"wp-block-cover__background has-nv-light-bg-background-color has-background-dim-100 has-background-dim\"><\/span><div class=\"wp-block-cover__inner-container is-layout-flow wp-block-cover-is-layout-flow\">\n<div style=\"height:80px\" aria-hidden=\"true\" class=\"wp-block-spacer\"><\/div>\n\n\n\n<div class=\"wp-block-columns is-layout-flex wp-container-core-columns-is-layout-9d6595d7 wp-block-columns-is-layout-flex\">\n<div class=\"wp-block-column ticss-4ce656f1 is-layout-flow wp-block-column-is-layout-flow\">\n<figure class=\"wp-block-image size-full is-resized is-style-rounded\"><img loading=\"lazy\" decoding=\"async\" width=\"300\" height=\"443\" src=\"https:\/\/www.turkelibilgisayar.com\/wp-content\/uploads\/2024\/05\/110000303365161.jpg\" alt=\"\" class=\"wp-image-401\" style=\"aspect-ratio:1;width:227px;height:auto\" srcset=\"https:\/\/www.turkelibilgisayar.com\/wp-content\/uploads\/2024\/05\/110000303365161.jpg 300w, https:\/\/www.turkelibilgisayar.com\/wp-content\/uploads\/2024\/05\/110000303365161-203x300.jpg 203w\" sizes=\"auto, (max-width: 300px) 100vw, 300px\" \/><\/figure>\n\n\n\n<div style=\"height:24px\" aria-hidden=\"true\" class=\"wp-block-spacer\"><\/div>\n\n\n\n<p class=\"has-text-align-left has-neve-text-color-color has-text-color\"><\/p>\n\n\n\n<p class=\"has-neve-text-color-color has-text-color\"><\/p>\n\n\n\n<div style=\"height:20px\" aria-hidden=\"true\" class=\"wp-block-spacer\"><\/div>\n<\/div>\n\n\n\n<div class=\"wp-block-column ticss-f6fc7494 is-layout-flow wp-block-column-is-layout-flow\">\n<figure class=\"wp-block-image size-full is-resized is-style-rounded\"><img loading=\"lazy\" decoding=\"async\" width=\"550\" height=\"550\" src=\"https:\/\/www.turkelibilgisayar.com\/wp-content\/uploads\/2024\/05\/wisetech-ws212-set-550x550-1.png\" alt=\"\" class=\"wp-image-403\" style=\"width:254px;height:auto\" srcset=\"https:\/\/www.turkelibilgisayar.com\/wp-content\/uploads\/2024\/05\/wisetech-ws212-set-550x550-1.png 550w, https:\/\/www.turkelibilgisayar.com\/wp-content\/uploads\/2024\/05\/wisetech-ws212-set-550x550-1-300x300.png 300w, https:\/\/www.turkelibilgisayar.com\/wp-content\/uploads\/2024\/05\/wisetech-ws212-set-550x550-1-150x150.png 150w\" sizes=\"auto, (max-width: 550px) 100vw, 550px\" \/><\/figure>\n\n\n\n<div style=\"height:24px\" aria-hidden=\"true\" class=\"wp-block-spacer\"><\/div>\n\n\n\n<p class=\"has-text-align-left has-neve-text-color-color has-text-color\"><\/p>\n\n\n\n<p class=\"has-neve-text-color-color has-text-color\"><\/p>\n\n\n\n<div style=\"height:20px\" aria-hidden=\"true\" class=\"wp-block-spacer\"><\/div>\n<\/div>\n\n\n\n<div class=\"wp-block-column ticss-a5b4df29 is-layout-flow wp-block-column-is-layout-flow\">\n<figure class=\"wp-block-image size-full is-resized is-style-rounded\"><img loading=\"lazy\" decoding=\"async\" width=\"545\" height=\"310\" src=\"https:\/\/www.turkelibilgisayar.com\/wp-content\/uploads\/2024\/05\/dell-banner-03.jpg\" alt=\"\" class=\"wp-image-404\" style=\"aspect-ratio:1;width:248px;height:auto\" srcset=\"https:\/\/www.turkelibilgisayar.com\/wp-content\/uploads\/2024\/05\/dell-banner-03.jpg 545w, https:\/\/www.turkelibilgisayar.com\/wp-content\/uploads\/2024\/05\/dell-banner-03-300x171.jpg 300w\" sizes=\"auto, (max-width: 545px) 100vw, 545px\" \/><\/figure>\n\n\n\n<div style=\"height:24px\" aria-hidden=\"true\" class=\"wp-block-spacer\"><\/div>\n\n\n\n<p class=\"has-text-align-left has-neve-text-color-color has-text-color\"><\/p>\n\n\n\n<p class=\"has-neve-text-color-color has-text-color\"><\/p>\n\n\n\n<div style=\"height:20px\" aria-hidden=\"true\" class=\"wp-block-spacer\"><\/div>\n<\/div>\n<\/div>\n\n\n\n<div style=\"height:30px\" aria-hidden=\"true\" class=\"wp-block-spacer\"><\/div>\n<\/div><\/div>\n\n\n\n<div class=\"wp-block-cover alignfull\" style=\"min-height:300px;aspect-ratio:unset;\"><span aria-hidden=\"true\" class=\"wp-block-cover__background has-nv-dark-bg-background-color has-background-dim\"><\/span><img loading=\"lazy\" decoding=\"async\" width=\"900\" height=\"500\" class=\"wp-block-cover__image-background wp-image-461\" alt=\"\" src=\"https:\/\/www.turkelibilgisayar.com\/wp-content\/uploads\/2024\/05\/ileti2.jpg\" data-object-fit=\"cover\" srcset=\"https:\/\/www.turkelibilgisayar.com\/wp-content\/uploads\/2024\/05\/ileti2.jpg 900w, https:\/\/www.turkelibilgisayar.com\/wp-content\/uploads\/2024\/05\/ileti2-300x167.jpg 300w, https:\/\/www.turkelibilgisayar.com\/wp-content\/uploads\/2024\/05\/ileti2-768x427.jpg 768w\" sizes=\"auto, (max-width: 900px) 100vw, 900px\" \/><div class=\"wp-block-cover__inner-container is-layout-flow wp-block-cover-is-layout-flow\">\n<div style=\"height:140px\" aria-hidden=\"true\" class=\"wp-block-spacer\"><\/div>\n\n\n\n<h2 class=\"wp-block-heading has-text-align-center has-nv-text-dark-bg-color has-text-color\">Size Sadece Bir Telefon Kadar Yak\u0131n\u0131z.<\/h2>\n\n\n\n<h2 class=\"wp-block-heading has-text-align-center has-nv-text-dark-bg-color has-text-color\">Bilgisayar Sistemleri :0532 480 12 38 <\/h2>\n\n\n\n<h2 class=\"wp-block-heading has-text-align-center has-nv-text-dark-bg-color has-text-color\">BA\u011eCILAR &#8211; G\u00d6ZTEPE  <\/h2>\n\n\n\n<p class=\"has-text-align-center\"><mark style=\"background-color:rgba(0, 0, 0, 0)\" class=\"has-inline-color has-nv-site-bg-color\">Kalite ve D\u00fcr\u00fcstl\u00fckten Asla \u00d6d\u00fcn Vermeden 25 Y\u0131ld\u0131r Hizmetlerimize Devam Ediyoruz<\/mark>.<\/p>\n\n\n\n<div class=\"wp-block-buttons is-horizontal is-content-justification-center is-layout-flex wp-container-core-buttons-is-layout-499968f5 wp-block-buttons-is-layout-flex\">\n<div class=\"wp-block-button is-style-primary\"><a class=\"wp-block-button__link wp-element-button\">Daha Fazla<\/a><\/div>\n<\/div>\n\n\n\n<div style=\"height:140px\" aria-hidden=\"true\" class=\"wp-block-spacer\"><\/div>\n<\/div><\/div>\n","protected":false},"excerpt":{"rendered":"<p>G\u00fcvenlik Sistemleri &nbsp;T\u00fcrkeli Bilgisayar alarm ve g\u00fcvenlik kameras\u0131 sekt\u00f6r\u00fcnde perakende sat\u0131\u015f montaj ,servis ve kurulum hizmetlerini yapmakta olan kurumsal bir \u015firkettir. Network Sistemleri IT sekt\u00f6r\u00fcndeki bilgi ve tecr\u00fcbesiyle m\u00fc\u015fterilerine&nbsp;network&nbsp;kurulumu ve y\u00f6netimi konusunda profesyonel hizmet vermektedir. Bilgisayar Sat\u0131\u015f Servis T\u00fcrkeli Bilgisayar olarak bilgisayar\u0131n\u0131zda ya\u015fad\u0131\u011f\u0131n\u0131z sorunlar\u0131 gidermek i\u00e7in kayna\u011f\u0131n\u0131 taray\u0131p sonu\u00e7 odakl\u0131 hareket ederek, sizlere h\u0131zl\u0131, g\u00fcvenli&hellip;&nbsp;<a href=\"https:\/\/www.turkelibilgisayar.com\/\" rel=\"bookmark\">Daha fazlas\u0131n\u0131 oku &raquo;<span class=\"screen-reader-text\">Ana Sayfa<\/span><\/a><\/p>\n","protected":false},"author":1,"featured_media":0,"parent":0,"menu_order":0,"comment_status":"closed","ping_status":"closed","template":"","meta":{"neve_meta_sidebar":"default","neve_meta_container":"default","neve_meta_enable_content_width":"on","neve_meta_content_width":100,"neve_meta_title_alignment":"","neve_meta_author_avatar":"","neve_post_elements_order":"","neve_meta_disable_header":"","neve_meta_disable_footer":"","neve_meta_disable_title":"on","_themeisle_gutenberg_block_has_review":false,"footnotes":""},"class_list":["post-309","page","type-page","status-publish","hentry"],"_links":{"self":[{"href":"https:\/\/www.turkelibilgisayar.com\/index.php\/wp-json\/wp\/v2\/pages\/309","targetHints":{"allow":["GET"]}}],"collection":[{"href":"https:\/\/www.turkelibilgisayar.com\/index.php\/wp-json\/wp\/v2\/pages"}],"about":[{"href":"https:\/\/www.turkelibilgisayar.com\/index.php\/wp-json\/wp\/v2\/types\/page"}],"author":[{"embeddable":true,"href":"https:\/\/www.turkelibilgisayar.com\/index.php\/wp-json\/wp\/v2\/users\/1"}],"replies":[{"embeddable":true,"href":"https:\/\/www.turkelibilgisayar.com\/index.php\/wp-json\/wp\/v2\/comments?post=309"}],"version-history":[{"count":52,"href":"https:\/\/www.turkelibilgisayar.com\/index.php\/wp-json\/wp\/v2\/pages\/309\/revisions"}],"predecessor-version":[{"id":684,"href":"https:\/\/www.turkelibilgisayar.com\/index.php\/wp-json\/wp\/v2\/pages\/309\/revisions\/684"}],"wp:attachment":[{"href":"https:\/\/www.turkelibilgisayar.com\/index.php\/wp-json\/wp\/v2\/media?parent=309"}],"curies":[{"name":"wp","href":"https:\/\/api.w.org\/{rel}","templated":true}]}}